{"id":8,"date":"2021-05-28T12:50:07","date_gmt":"2021-05-28T12:50:07","guid":{"rendered":"http:\/\/naaskel.ee\/?page_id=8"},"modified":"2021-05-31T08:10:13","modified_gmt":"2021-05-31T08:10:13","slug":"puidu-moobli-ja-sisustustooted-alates-1999-aastast","status":"publish","type":"page","link":"http:\/\/naaskel.ee\/","title":{"rendered":"Puidu, m\u00f6\u00f6bli &#8211; ja sisustustooted alates 1999 aastast"},"content":{"rendered":"<div id=\"acf-block_60b0ebfe48199\" class=\"acf-block-element block-fwbackground w-max bg-secondary\"><div class=\"container\">\n\n<div class=\"wp-block-columns is-layout-flex wp-container-core-columns-is-layout-9d6595d7 wp-block-columns-is-layout-flex\">\n<div class=\"wp-block-column is-layout-flow wp-block-column-is-layout-flow\">\n<h3 class=\"has-text-align-center wp-el wp-block-heading\">Uksed<\/h3>\n\n\n\n<p class=\"has-text-align-center wp-el\">Valmistame ja paigaldame tellimuse j\u00e4rgi sise -ja v\u00e4lisuksi. Omame sertifikaati EI 30 tulekindlust n\u00f5udvate uste valmistamiseks.<\/p>\n<\/div>\n\n\n\n<div class=\"wp-block-column is-layout-flow wp-block-column-is-layout-flow\">\n<h3 class=\"has-text-align-center wp-el wp-block-heading\">Trepid<\/h3>\n\n\n\n<p class=\"has-text-align-center wp-el\">Valmistame traditsioonilisi treppe ja piirdeid. Aitame leida sobiva lahenduse. Treppe valmistavad ja paigaldavad kogemustega trepimeistrid.<\/p>\n<\/div>\n\n\n\n<div class=\"wp-block-column is-layout-flow wp-block-column-is-layout-flow\">\n<h3 class=\"has-text-align-center wp-el wp-block-heading\">M\u00f6\u00f6bel ja sisustuselemendid<\/h3>\n\n\n\n<p class=\"has-text-align-center wp-el\">Valmistame ja paigaldame tellimuse j\u00e4rgi m\u00f6\u00f6blit ja sisustust.<\/p>\n<\/div>\n<\/div>\n\n<\/div><\/div>\n\n\n<h2 class=\"has-text-align-center wp-el wp-block-heading\">Galerii<\/h2>\n\n\n<div id=\"acf-block_60b480fee9eb3\" class=\"acf-block-element block-gallery overflow-hidden\"><div class=\"gallery d-flex flex-wrap justify-content-center\"><div class=\"gallery-item\"><a href=\"http:\/\/naaskel.ee\/wp-content\/uploads\/2021\/05\/elutuba-1200x800.jpg\" class=\"d-block position-relative w-100 h-100\"><img loading=\"lazy\" decoding=\"async\" width=\"270\" height=\"270\" src=\"http:\/\/naaskel.ee\/wp-content\/uploads\/2021\/05\/elutuba-270x270.jpg\" class=\"attachment-thumbnail size-thumbnail\" alt=\"\" \/><span class=\"item--hover position-absolute d-flex flex-wrap align-items-center justify-content-center\"><svg xmlns=\"http:\/\/www.w3.org\/2000\/svg\" width=\"64\" height=\"64\" viewBox=\"0 0 64 64\"><path d=\"M28.184,0A28.184,28.184,0,1,0,56.368,28.184,28.217,28.217,0,0,0,28.184,0Zm0,51.165A22.981,22.981,0,1,1,51.165,28.184,23.007,23.007,0,0,1,28.184,51.165Z\" fill=\"#1b1918\"\/><g transform=\"translate(43.881 43.881)\"><path d=\"M370.4,366.724l-14.916-14.916a2.6,2.6,0,1,0-3.679,3.679L366.724,370.4a2.6,2.6,0,0,0,3.679-3.679Z\" transform=\"translate(-351.046 -351.046)\" fill=\"#1b1918\"\/><\/g><\/svg><\/span><\/a><\/div><div class=\"gallery-item\"><a href=\"http:\/\/naaskel.ee\/wp-content\/uploads\/2021\/05\/kauplus.jpg\" class=\"d-block position-relative w-100 h-100\"><img loading=\"lazy\" decoding=\"async\" width=\"270\" height=\"270\" src=\"http:\/\/naaskel.ee\/wp-content\/uploads\/2021\/05\/kauplus-270x270.jpg\" class=\"attachment-thumbnail size-thumbnail\" alt=\"\" \/><span class=\"item--hover position-absolute d-flex flex-wrap align-items-center justify-content-center\"><svg xmlns=\"http:\/\/www.w3.org\/2000\/svg\" width=\"64\" height=\"64\" viewBox=\"0 0 64 64\"><path d=\"M28.184,0A28.184,28.184,0,1,0,56.368,28.184,28.217,28.217,0,0,0,28.184,0Zm0,51.165A22.981,22.981,0,1,1,51.165,28.184,23.007,23.007,0,0,1,28.184,51.165Z\" fill=\"#1b1918\"\/><g transform=\"translate(43.881 43.881)\"><path d=\"M370.4,366.724l-14.916-14.916a2.6,2.6,0,1,0-3.679,3.679L366.724,370.4a2.6,2.6,0,0,0,3.679-3.679Z\" transform=\"translate(-351.046 -351.046)\" fill=\"#1b1918\"\/><\/g><\/svg><\/span><\/a><\/div><div class=\"gallery-item\"><a href=\"http:\/\/naaskel.ee\/wp-content\/uploads\/2021\/05\/kodukontor-1200x900.jpg\" class=\"d-block position-relative w-100 h-100\"><img loading=\"lazy\" decoding=\"async\" width=\"270\" height=\"270\" src=\"http:\/\/naaskel.ee\/wp-content\/uploads\/2021\/05\/kodukontor-270x270.jpg\" class=\"attachment-thumbnail size-thumbnail\" alt=\"\" \/><span class=\"item--hover position-absolute d-flex flex-wrap align-items-center justify-content-center\"><svg xmlns=\"http:\/\/www.w3.org\/2000\/svg\" width=\"64\" height=\"64\" viewBox=\"0 0 64 64\"><path d=\"M28.184,0A28.184,28.184,0,1,0,56.368,28.184,28.217,28.217,0,0,0,28.184,0Zm0,51.165A22.981,22.981,0,1,1,51.165,28.184,23.007,23.007,0,0,1,28.184,51.165Z\" fill=\"#1b1918\"\/><g transform=\"translate(43.881 43.881)\"><path d=\"M370.4,366.724l-14.916-14.916a2.6,2.6,0,1,0-3.679,3.679L366.724,370.4a2.6,2.6,0,0,0,3.679-3.679Z\" transform=\"translate(-351.046 -351.046)\" fill=\"#1b1918\"\/><\/g><\/svg><\/span><\/a><\/div><div class=\"gallery-item\"><a href=\"http:\/\/naaskel.ee\/wp-content\/uploads\/2021\/05\/kontor-1200x900.jpg\" class=\"d-block position-relative w-100 h-100\"><img loading=\"lazy\" decoding=\"async\" width=\"270\" height=\"270\" src=\"http:\/\/naaskel.ee\/wp-content\/uploads\/2021\/05\/kontor-270x270.jpg\" class=\"attachment-thumbnail size-thumbnail\" alt=\"\" \/><span class=\"item--hover position-absolute d-flex flex-wrap align-items-center justify-content-center\"><svg xmlns=\"http:\/\/www.w3.org\/2000\/svg\" width=\"64\" height=\"64\" viewBox=\"0 0 64 64\"><path d=\"M28.184,0A28.184,28.184,0,1,0,56.368,28.184,28.217,28.217,0,0,0,28.184,0Zm0,51.165A22.981,22.981,0,1,1,51.165,28.184,23.007,23.007,0,0,1,28.184,51.165Z\" fill=\"#1b1918\"\/><g transform=\"translate(43.881 43.881)\"><path d=\"M370.4,366.724l-14.916-14.916a2.6,2.6,0,1,0-3.679,3.679L366.724,370.4a2.6,2.6,0,0,0,3.679-3.679Z\" transform=\"translate(-351.046 -351.046)\" fill=\"#1b1918\"\/><\/g><\/svg><\/span><\/a><\/div><div class=\"gallery-item\"><a href=\"http:\/\/naaskel.ee\/wp-content\/uploads\/2021\/05\/Lapsetuba-1200x800.jpg\" class=\"d-block position-relative w-100 h-100\"><img loading=\"lazy\" decoding=\"async\" width=\"270\" height=\"270\" src=\"http:\/\/naaskel.ee\/wp-content\/uploads\/2021\/05\/Lapsetuba-270x270.jpg\" class=\"attachment-thumbnail size-thumbnail\" alt=\"\" \/><span class=\"item--hover position-absolute d-flex flex-wrap align-items-center justify-content-center\"><svg xmlns=\"http:\/\/www.w3.org\/2000\/svg\" width=\"64\" height=\"64\" viewBox=\"0 0 64 64\"><path d=\"M28.184,0A28.184,28.184,0,1,0,56.368,28.184,28.217,28.217,0,0,0,28.184,0Zm0,51.165A22.981,22.981,0,1,1,51.165,28.184,23.007,23.007,0,0,1,28.184,51.165Z\" fill=\"#1b1918\"\/><g transform=\"translate(43.881 43.881)\"><path d=\"M370.4,366.724l-14.916-14.916a2.6,2.6,0,1,0-3.679,3.679L366.724,370.4a2.6,2.6,0,0,0,3.679-3.679Z\" transform=\"translate(-351.046 -351.046)\" fill=\"#1b1918\"\/><\/g><\/svg><\/span><\/a><\/div><div class=\"gallery-item\"><a href=\"http:\/\/naaskel.ee\/wp-content\/uploads\/2021\/05\/Kook-1-1200x800.jpg\" class=\"d-block position-relative w-100 h-100\"><img loading=\"lazy\" decoding=\"async\" width=\"270\" height=\"270\" src=\"http:\/\/naaskel.ee\/wp-content\/uploads\/2021\/05\/Kook-1-270x270.jpg\" class=\"attachment-thumbnail size-thumbnail\" alt=\"\" \/><span class=\"item--hover position-absolute d-flex flex-wrap align-items-center justify-content-center\"><svg xmlns=\"http:\/\/www.w3.org\/2000\/svg\" width=\"64\" height=\"64\" viewBox=\"0 0 64 64\"><path d=\"M28.184,0A28.184,28.184,0,1,0,56.368,28.184,28.217,28.217,0,0,0,28.184,0Zm0,51.165A22.981,22.981,0,1,1,51.165,28.184,23.007,23.007,0,0,1,28.184,51.165Z\" fill=\"#1b1918\"\/><g transform=\"translate(43.881 43.881)\"><path d=\"M370.4,366.724l-14.916-14.916a2.6,2.6,0,1,0-3.679,3.679L366.724,370.4a2.6,2.6,0,0,0,3.679-3.679Z\" transform=\"translate(-351.046 -351.046)\" fill=\"#1b1918\"\/><\/g><\/svg><\/span><\/a><\/div><div class=\"gallery-item\"><a href=\"http:\/\/naaskel.ee\/wp-content\/uploads\/2021\/05\/Tervisekeskus-1-1200x900.jpg\" class=\"d-block position-relative w-100 h-100\"><img loading=\"lazy\" decoding=\"async\" width=\"270\" height=\"270\" src=\"http:\/\/naaskel.ee\/wp-content\/uploads\/2021\/05\/Tervisekeskus-1-270x270.jpg\" class=\"attachment-thumbnail size-thumbnail\" alt=\"\" \/><span class=\"item--hover position-absolute d-flex flex-wrap align-items-center justify-content-center\"><svg xmlns=\"http:\/\/www.w3.org\/2000\/svg\" width=\"64\" height=\"64\" viewBox=\"0 0 64 64\"><path d=\"M28.184,0A28.184,28.184,0,1,0,56.368,28.184,28.217,28.217,0,0,0,28.184,0Zm0,51.165A22.981,22.981,0,1,1,51.165,28.184,23.007,23.007,0,0,1,28.184,51.165Z\" fill=\"#1b1918\"\/><g transform=\"translate(43.881 43.881)\"><path d=\"M370.4,366.724l-14.916-14.916a2.6,2.6,0,1,0-3.679,3.679L366.724,370.4a2.6,2.6,0,0,0,3.679-3.679Z\" transform=\"translate(-351.046 -351.046)\" fill=\"#1b1918\"\/><\/g><\/svg><\/span><\/a><\/div><div class=\"gallery-item\"><a href=\"http:\/\/naaskel.ee\/wp-content\/uploads\/2021\/05\/DSC_4713-1200x801.jpg\" class=\"d-block position-relative w-100 h-100\"><img loading=\"lazy\" decoding=\"async\" width=\"270\" height=\"270\" src=\"http:\/\/naaskel.ee\/wp-content\/uploads\/2021\/05\/DSC_4713-270x270.jpg\" class=\"attachment-thumbnail size-thumbnail\" alt=\"\" \/><span class=\"item--hover position-absolute d-flex flex-wrap align-items-center justify-content-center\"><svg xmlns=\"http:\/\/www.w3.org\/2000\/svg\" width=\"64\" height=\"64\" viewBox=\"0 0 64 64\"><path d=\"M28.184,0A28.184,28.184,0,1,0,56.368,28.184,28.217,28.217,0,0,0,28.184,0Zm0,51.165A22.981,22.981,0,1,1,51.165,28.184,23.007,23.007,0,0,1,28.184,51.165Z\" fill=\"#1b1918\"\/><g transform=\"translate(43.881 43.881)\"><path d=\"M370.4,366.724l-14.916-14.916a2.6,2.6,0,1,0-3.679,3.679L366.724,370.4a2.6,2.6,0,0,0,3.679-3.679Z\" transform=\"translate(-351.046 -351.046)\" fill=\"#1b1918\"\/><\/g><\/svg><\/span><\/a><\/div><div class=\"gallery-item\"><a href=\"http:\/\/naaskel.ee\/wp-content\/uploads\/2021\/05\/uksed-1200x900.jpg\" class=\"d-block position-relative w-100 h-100\"><img loading=\"lazy\" decoding=\"async\" width=\"270\" height=\"270\" src=\"http:\/\/naaskel.ee\/wp-content\/uploads\/2021\/05\/uksed-270x270.jpg\" class=\"attachment-thumbnail size-thumbnail\" alt=\"\" \/><span class=\"item--hover position-absolute d-flex flex-wrap align-items-center justify-content-center\"><svg xmlns=\"http:\/\/www.w3.org\/2000\/svg\" width=\"64\" height=\"64\" viewBox=\"0 0 64 64\"><path d=\"M28.184,0A28.184,28.184,0,1,0,56.368,28.184,28.217,28.217,0,0,0,28.184,0Zm0,51.165A22.981,22.981,0,1,1,51.165,28.184,23.007,23.007,0,0,1,28.184,51.165Z\" fill=\"#1b1918\"\/><g transform=\"translate(43.881 43.881)\"><path d=\"M370.4,366.724l-14.916-14.916a2.6,2.6,0,1,0-3.679,3.679L366.724,370.4a2.6,2.6,0,0,0,3.679-3.679Z\" transform=\"translate(-351.046 -351.046)\" fill=\"#1b1918\"\/><\/g><\/svg><\/span><\/a><\/div><div class=\"gallery-item\"><a href=\"http:\/\/naaskel.ee\/wp-content\/uploads\/2021\/05\/magamistuba-1200x900.jpg\" class=\"d-block position-relative w-100 h-100\"><img loading=\"lazy\" decoding=\"async\" width=\"270\" height=\"270\" src=\"http:\/\/naaskel.ee\/wp-content\/uploads\/2021\/05\/magamistuba-270x270.jpg\" class=\"attachment-thumbnail size-thumbnail\" alt=\"\" \/><span class=\"item--hover position-absolute d-flex flex-wrap align-items-center justify-content-center\"><svg xmlns=\"http:\/\/www.w3.org\/2000\/svg\" width=\"64\" height=\"64\" viewBox=\"0 0 64 64\"><path d=\"M28.184,0A28.184,28.184,0,1,0,56.368,28.184,28.217,28.217,0,0,0,28.184,0Zm0,51.165A22.981,22.981,0,1,1,51.165,28.184,23.007,23.007,0,0,1,28.184,51.165Z\" fill=\"#1b1918\"\/><g transform=\"translate(43.881 43.881)\"><path d=\"M370.4,366.724l-14.916-14.916a2.6,2.6,0,1,0-3.679,3.679L366.724,370.4a2.6,2.6,0,0,0,3.679-3.679Z\" transform=\"translate(-351.046 -351.046)\" fill=\"#1b1918\"\/><\/g><\/svg><\/span><\/a><\/div><div class=\"gallery-item\"><a href=\"http:\/\/naaskel.ee\/wp-content\/uploads\/2021\/05\/Riidehoid-1200x900.jpg\" class=\"d-block position-relative w-100 h-100\"><img loading=\"lazy\" decoding=\"async\" width=\"270\" height=\"270\" src=\"http:\/\/naaskel.ee\/wp-content\/uploads\/2021\/05\/Riidehoid-270x270.jpg\" class=\"attachment-thumbnail size-thumbnail\" alt=\"\" \/><span class=\"item--hover position-absolute d-flex flex-wrap align-items-center justify-content-center\"><svg xmlns=\"http:\/\/www.w3.org\/2000\/svg\" width=\"64\" height=\"64\" viewBox=\"0 0 64 64\"><path d=\"M28.184,0A28.184,28.184,0,1,0,56.368,28.184,28.217,28.217,0,0,0,28.184,0Zm0,51.165A22.981,22.981,0,1,1,51.165,28.184,23.007,23.007,0,0,1,28.184,51.165Z\" fill=\"#1b1918\"\/><g transform=\"translate(43.881 43.881)\"><path d=\"M370.4,366.724l-14.916-14.916a2.6,2.6,0,1,0-3.679,3.679L366.724,370.4a2.6,2.6,0,0,0,3.679-3.679Z\" transform=\"translate(-351.046 -351.046)\" fill=\"#1b1918\"\/><\/g><\/svg><\/span><\/a><\/div><\/div><\/div>\n\n<div id=\"acf-block_60b495a1b6ec8\" class=\"acf-block-element block-map w-max overflow-hidden position-relative\"><img loading=\"lazy\" decoding=\"async\" width=\"1920\" height=\"600\" src=\"http:\/\/naaskel.ee\/wp-content\/uploads\/fly-images\/41\/location-1920x600-c.png\" class=\"attachment-img-1920x600\" alt=\"location\" \/><\/div>","protected":false},"excerpt":{"rendered":"<p>Galerii<\/p>\n","protected":false},"author":1,"featured_media":0,"parent":0,"menu_order":0,"comment_status":"closed","ping_status":"closed","template":"","meta":{"footnotes":""},"class_list":["post-8","page","type-page","status-publish","hentry"],"_links":{"self":[{"href":"http:\/\/naaskel.ee\/index.php?rest_route=\/wp\/v2\/pages\/8","targetHints":{"allow":["GET"]}}],"collection":[{"href":"http:\/\/naaskel.ee\/index.php?rest_route=\/wp\/v2\/pages"}],"about":[{"href":"http:\/\/naaskel.ee\/index.php?rest_route=\/wp\/v2\/types\/page"}],"author":[{"embeddable":true,"href":"http:\/\/naaskel.ee\/index.php?rest_route=\/wp\/v2\/users\/1"}],"replies":[{"embeddable":true,"href":"http:\/\/naaskel.ee\/index.php?rest_route=%2Fwp%2Fv2%2Fcomments&post=8"}],"version-history":[{"count":7,"href":"http:\/\/naaskel.ee\/index.php?rest_route=\/wp\/v2\/pages\/8\/revisions"}],"predecessor-version":[{"id":45,"href":"http:\/\/naaskel.ee\/index.php?rest_route=\/wp\/v2\/pages\/8\/revisions\/45"}],"wp:attachment":[{"href":"http:\/\/naaskel.ee\/index.php?rest_route=%2Fwp%2Fv2%2Fmedia&parent=8"}],"curies":[{"name":"wp","href":"https:\/\/api.w.org\/{rel}","templated":true}]}}